{"id":112,"date":"2024-02-09T11:56:52","date_gmt":"2024-02-09T10:56:52","guid":{"rendered":"https:\/\/lesjardinsdeviolette.com\/?page_id=112"},"modified":"2024-04-06T15:07:13","modified_gmt":"2024-04-06T13:07:13","slug":"taille-douce-et-raisonnee","status":"publish","type":"page","link":"https:\/\/lesjardinsdeviolette.com\/index.php\/taille-douce-et-raisonnee\/","title":{"rendered":"Taille douce et raisonn\u00e9e"},"content":{"rendered":"<p>[et_pb_section fb_built=\u00a0\u00bb1&Prime; disabled_on=\u00a0\u00bboff|off|off\u00a0\u00bb _builder_version=\u00a0\u00bb4.12.1&Prime; _module_preset=\u00a0\u00bbdefault\u00a0\u00bb min_height=\u00a0\u00bb222px\u00a0\u00bb custom_margin=\u00a0\u00bb||32px|||\u00a0\u00bb custom_padding=\u00a0\u00bb5px||159px|||\u00a0\u00bb global_colors_info=\u00a0\u00bb{}\u00a0\u00bb][et_pb_row _builder_version=\u00a0\u00bb4.12.1&Prime; _module_preset=\u00a0\u00bbdefault\u00a0\u00bb min_height=\u00a0\u00bb323px\u00a0\u00bb custom_margin=\u00a0\u00bb|auto|-298px|auto||\u00a0\u00bb custom_padding=\u00a0\u00bb0px||0px|||\u00a0\u00bb global_colors_info=\u00a0\u00bb{}\u00a0\u00bb][et_pb_column type=\u00a0\u00bb4_4&Prime; _builder_version=\u00a0\u00bb4.12.1&Prime; _module_preset=\u00a0\u00bbdefault\u00a0\u00bb global_colors_info=\u00a0\u00bb{}\u00a0\u00bb][et_pb_text _builder_version=\u00a0\u00bb4.12.1&Prime; _module_preset=\u00a0\u00bbdefault\u00a0\u00bb text_font_size=\u00a0\u00bb21px\u00a0\u00bb text_line_height=\u00a0\u00bb1.3em\u00a0\u00bb hover_transition_duration=\u00a0\u00bb150ms\u00a0\u00bb background_color_phone=\u00a0\u00bb#FFFFFF\u00a0\u00bb background_last_edited=\u00a0\u00bbon|phone\u00a0\u00bb background_enable_color_phone=\u00a0\u00bbon\u00a0\u00bb border_color_all=\u00a0\u00bb#C63846&Prime; border_style_all=\u00a0\u00bbdouble\u00a0\u00bb global_colors_info=\u00a0\u00bb{}\u00a0\u00bb]<\/p>\n<h1 style=\"text-align: center;\"><strong><\/strong><\/h1>\n<h1 style=\"text-align: center;\"><strong>En quoi consiste la taille douce ?<\/strong><strong>\u00a0<\/strong><\/h1>\n<p style=\"text-align: center;\"><span style=\"color: #1ebc7d; font-size: large;\">Elle accompagne le v\u00e9g\u00e9tal dans son d\u00e9veloppement, sans chercher \u00e0 le contraindre. <\/span><span style=\"color: #1ebc7d; font-size: large;\">Si l&rsquo;esth\u00e9tique reste recherch\u00e9e, les Jardins de Violette privil\u00e9gie avant tout les haies, arbustes et arbres en forme libre et naturelle.<\/span><\/p>\n<p>[\/et_pb_text][\/et_pb_column][\/et_pb_row][\/et_pb_section][et_pb_section fb_built=\u00a0\u00bb1&Prime; _builder_version=\u00a0\u00bb4.12.1&Prime; _module_preset=\u00a0\u00bbdefault\u00a0\u00bb min_height=\u00a0\u00bb731px\u00a0\u00bb custom_margin=\u00a0\u00bb136px|||||\u00a0\u00bb custom_padding=\u00a0\u00bb0px|||||\u00a0\u00bb global_colors_info=\u00a0\u00bb{}\u00a0\u00bb][et_pb_row column_structure=\u00a0\u00bb2_5,3_5&Prime; _builder_version=\u00a0\u00bb4.12.1&Prime; _module_preset=\u00a0\u00bbdefault\u00a0\u00bb global_colors_info=\u00a0\u00bb{}\u00a0\u00bb][et_pb_column type=\u00a0\u00bb2_5&Prime; _builder_version=\u00a0\u00bb4.12.1&Prime; _module_preset=\u00a0\u00bbdefault\u00a0\u00bb global_colors_info=\u00a0\u00bb{}\u00a0\u00bb][et_pb_image src=\u00a0\u00bbhttp:\/\/lesjardinsdeviolette.com\/wp-content\/uploads\/2024\/02\/taille-eclaircie.jpg\u00a0\u00bb title_text=\u00a0\u00bbtaille \u00e9claircie\u00a0\u00bb disabled_on=\u00a0\u00bboff|off|off\u00a0\u00bb _builder_version=\u00a0\u00bb4.12.1&Prime; _module_preset=\u00a0\u00bbdefault\u00a0\u00bb width=\u00a0\u00bb99%\u00a0\u00bb custom_margin=\u00a0\u00bb31px|||||\u00a0\u00bb global_colors_info=\u00a0\u00bb{}\u00a0\u00bb][\/et_pb_image][\/et_pb_column][et_pb_column type=\u00a0\u00bb3_5&Prime; _builder_version=\u00a0\u00bb4.12.1&Prime; _module_preset=\u00a0\u00bbdefault\u00a0\u00bb global_colors_info=\u00a0\u00bb{}\u00a0\u00bb][et_pb_text _builder_version=\u00a0\u00bb4.12.1&Prime; _module_preset=\u00a0\u00bbdefault\u00a0\u00bb text_font_size=\u00a0\u00bb16px\u00a0\u00bb min_height=\u00a0\u00bb200.7px\u00a0\u00bb global_colors_info=\u00a0\u00bb{}\u00a0\u00bb]<\/p>\n<h1><strong>Taille d&rsquo;\u00e9claircie<\/strong><\/h1>\n<p>Cette taille a plusieurs avantages:<\/p>\n<ul>\n<li>permettre un meilleur passage de la lumi\u00e8re au coeur du v\u00e9g\u00e9tal afin de favoriser la photosynth\u00e8se<\/li>\n<li>permet de mettre en valeur la charpente d&rsquo;un arbre ou arbuste dont l&rsquo;\u00e9corce est remarquable<\/li>\n<li>mettre en lumi\u00e8re une vue remarquable en arri\u00e8re plan du v\u00e9g\u00e9tal.<\/li>\n<\/ul>\n<p>Cette taille est effectu\u00e9e avec parcimonie afin de<\/p>\n<p>respecter le v\u00e9g\u00e9tal.<\/p>\n<p>&nbsp;<\/p>\n<p>[\/et_pb_text][\/et_pb_column][\/et_pb_row][et_pb_row column_structure=\u00a0\u00bb2_5,3_5&Prime; _builder_version=\u00a0\u00bb4.12.1&Prime; _module_preset=\u00a0\u00bbdefault\u00a0\u00bb global_colors_info=\u00a0\u00bb{}\u00a0\u00bb][et_pb_column type=\u00a0\u00bb2_5&Prime; _builder_version=\u00a0\u00bb4.12.1&Prime; _module_preset=\u00a0\u00bbdefault\u00a0\u00bb global_colors_info=\u00a0\u00bb{}\u00a0\u00bb][et_pb_image src=\u00a0\u00bbhttp:\/\/lesjardinsdeviolette.com\/wp-content\/uploads\/2024\/02\/bois-mort.webp\u00a0\u00bb title_text=\u00a0\u00bbbois mort\u00a0\u00bb disabled_on=\u00a0\u00bboff|off|off\u00a0\u00bb _builder_version=\u00a0\u00bb4.12.1&Prime; _module_preset=\u00a0\u00bbdefault\u00a0\u00bb width=\u00a0\u00bb100%\u00a0\u00bb width_tablet=\u00a0\u00bb100%\u00a0\u00bb width_phone=\u00a0\u00bb100%\u00a0\u00bb width_last_edited=\u00a0\u00bbon|tablet\u00a0\u00bb min_height=\u00a0\u00bb171.4px\u00a0\u00bb global_colors_info=\u00a0\u00bb{}\u00a0\u00bb][\/et_pb_image][\/et_pb_column][et_pb_column type=\u00a0\u00bb3_5&Prime; _builder_version=\u00a0\u00bb4.12.1&Prime; _module_preset=\u00a0\u00bbdefault\u00a0\u00bb global_colors_info=\u00a0\u00bb{}\u00a0\u00bb][et_pb_text _builder_version=\u00a0\u00bb4.12.1&Prime; _module_preset=\u00a0\u00bbdefault\u00a0\u00bb text_font_size=\u00a0\u00bb16px\u00a0\u00bb width=\u00a0\u00bb100%\u00a0\u00bb max_width=\u00a0\u00bb100%\u00a0\u00bb min_height=\u00a0\u00bb205.6px\u00a0\u00bb text_line_height_tablet=\u00a0\u00bb1.7em\u00a0\u00bb text_line_height_phone=\u00a0\u00bb1.7em\u00a0\u00bb text_line_height_last_edited=\u00a0\u00bbon|phone\u00a0\u00bb global_colors_info=\u00a0\u00bb{}\u00a0\u00bb]<\/p>\n<h1><strong>Taille sanitaire<\/strong><\/h1>\n<p><strong><\/strong><\/p>\n<p>Cette taille a pour but d&rsquo;enlever le bois mort, elle permet un meilleur renouvellement<\/p>\n<p>des v\u00e9g\u00e9taux basitones (qui \u00e9mette des pousses depuis la base).<\/p>\n<p>La taille sanitaire permet aussi de veiller \u00e0 ne pas propager de maladie en cas de<\/p>\n<p>rupture m\u00e9canique d&rsquo;une branche.<\/p>\n<p>[\/et_pb_text][\/et_pb_column][\/et_pb_row][\/et_pb_section][et_pb_section fb_built=\u00a0\u00bb1&Prime; _builder_version=\u00a0\u00bb4.12.1&Prime; _module_preset=\u00a0\u00bbdefault\u00a0\u00bb min_height=\u00a0\u00bb470px\u00a0\u00bb custom_margin=\u00a0\u00bb||-633px|||\u00a0\u00bb custom_padding=\u00a0\u00bb24px||153px|||\u00a0\u00bb global_colors_info=\u00a0\u00bb{}\u00a0\u00bb][et_pb_row column_structure=\u00a0\u00bb2_5,3_5&Prime; _builder_version=\u00a0\u00bb4.12.1&Prime; _module_preset=\u00a0\u00bbdefault\u00a0\u00bb custom_margin=\u00a0\u00bb-96px|auto||auto||\u00a0\u00bb global_colors_info=\u00a0\u00bb{}\u00a0\u00bb][et_pb_column type=\u00a0\u00bb2_5&Prime; _builder_version=\u00a0\u00bb4.12.1&Prime; _module_preset=\u00a0\u00bbdefault\u00a0\u00bb global_colors_info=\u00a0\u00bb{}\u00a0\u00bb][et_pb_gallery gallery_ids=\u00a0\u00bb78&Prime; fullwidth=\u00a0\u00bbon\u00a0\u00bb disabled_on=\u00a0\u00bboff|off|off\u00a0\u00bb _builder_version=\u00a0\u00bb4.12.1&Prime; _module_preset=\u00a0\u00bbdefault\u00a0\u00bb width=\u00a0\u00bb100%\u00a0\u00bb global_colors_info=\u00a0\u00bb{}\u00a0\u00bb][\/et_pb_gallery][\/et_pb_column][et_pb_column type=\u00a0\u00bb3_5&Prime; _builder_version=\u00a0\u00bb4.12.1&Prime; _module_preset=\u00a0\u00bbdefault\u00a0\u00bb global_colors_info=\u00a0\u00bb{}\u00a0\u00bb][et_pb_text _builder_version=\u00a0\u00bb4.12.1&Prime; _module_preset=\u00a0\u00bbdefault\u00a0\u00bb text_font_size=\u00a0\u00bb16px\u00a0\u00bb text_line_height=\u00a0\u00bb2em\u00a0\u00bb global_colors_info=\u00a0\u00bb{}\u00a0\u00bb]<\/p>\n<h1><strong>Taille de fruitiers<\/strong><\/h1>\n<p>Pour les arbres fruitiers, la taille est adapt\u00e9e aux types de floraison, sur le bois de l\u2019ann\u00e9e ou sur celui de l\u2019ann\u00e9e pr\u00e9c\u00e9dente, selon les esp\u00e8ces. Fruitier \u00e0 noyaux et \u00e0 p\u00e9pins ne se taillent pas \u00e0 la m\u00eame p\u00e9riode.<\/p>\n<p>Pour ce type de taille, les Jardins de Violette privil\u00e9gie les tailles manuelles avec gros s\u00e9cateur, scie d\u2019\u00e9lagage et outils limitant les champs cicatriciels.<\/p>\n<h2><\/h2>\n<p>[\/et_pb_text][\/et_pb_column][\/et_pb_row][et_pb_row column_structure=\u00a0\u00bb2_5,3_5&Prime; _builder_version=\u00a0\u00bb4.12.1&Prime; _module_preset=\u00a0\u00bbdefault\u00a0\u00bb min_height=\u00a0\u00bb490.5px\u00a0\u00bb custom_margin=\u00a0\u00bb|auto|-236px|auto||\u00a0\u00bb custom_padding=\u00a0\u00bb0px||0px|||\u00a0\u00bb global_colors_info=\u00a0\u00bb{}\u00a0\u00bb][et_pb_column type=\u00a0\u00bb2_5&Prime; _builder_version=\u00a0\u00bb4.12.1&Prime; _module_preset=\u00a0\u00bbdefault\u00a0\u00bb global_colors_info=\u00a0\u00bb{}\u00a0\u00bb][et_pb_gallery gallery_ids=\u00a0\u00bb81&Prime; fullwidth=\u00a0\u00bbon\u00a0\u00bb _builder_version=\u00a0\u00bb4.12.1&Prime; _module_preset=\u00a0\u00bbdefault\u00a0\u00bb width=\u00a0\u00bb100%\u00a0\u00bb global_colors_info=\u00a0\u00bb{}\u00a0\u00bb][\/et_pb_gallery][\/et_pb_column][et_pb_column type=\u00a0\u00bb3_5&Prime; _builder_version=\u00a0\u00bb4.12.1&Prime; _module_preset=\u00a0\u00bbdefault\u00a0\u00bb global_colors_info=\u00a0\u00bb{}\u00a0\u00bb][et_pb_text _builder_version=\u00a0\u00bb4.12.1&Prime; _module_preset=\u00a0\u00bbdefault\u00a0\u00bb text_font_size=\u00a0\u00bb16px\u00a0\u00bb text_line_height=\u00a0\u00bb2em\u00a0\u00bb background_color=\u00a0\u00bb#FFFFFF\u00a0\u00bb min_height=\u00a0\u00bb178px\u00a0\u00bb global_colors_info=\u00a0\u00bb{}\u00a0\u00bb]<\/p>\n<h1><strong>Taille de formation<\/strong><\/h1>\n<p>L\u2019objectif consiste \u00e0 structurer le port de l\u2019arbre, arbustes, en valorisant le tronc et les charpenti\u00e8res. Cette taille peut \u00eatre r\u00e9alis\u00e9e durant la croissance du jeune arbre pour l\u2019adapter \u00e0 son environnement, ou bien \u00e0 l\u2019\u00e2ge adulte pour diminuer son volume.<\/p>\n<h2><\/h2>\n<p>[\/et_pb_text][\/et_pb_column][\/et_pb_row][\/et_pb_section]<\/p>\n","protected":false},"excerpt":{"rendered":"<p>En quoi consiste la taille douce ?\u00a0 Elle accompagne le v\u00e9g\u00e9tal dans son d\u00e9veloppement, sans chercher \u00e0 le contraindre. Si l&rsquo;esth\u00e9tique reste recherch\u00e9e, les Jardins de Violette privil\u00e9gie avant tout les haies, arbustes et arbres en forme libre et naturelle.Taille d&rsquo;\u00e9claircie Cette taille a plusieurs avantages: permettre un meilleur passage de la lumi\u00e8re au coeur [&hellip;]<\/p>\n","protected":false},"author":1,"featured_media":0,"parent":0,"menu_order":0,"comment_status":"closed","ping_status":"closed","template":"","meta":{"_seopress_robots_primary_cat":"","_seopress_titles_title":"paysagiste la jumelli\u00e8re chemill\u00e9 en anjou","_seopress_titles_desc":"entretien de jardin","_seopress_robots_index":"","_et_pb_use_builder":"on","_et_pb_old_content":"","_et_gb_content_width":"","footnotes":""},"class_list":["post-112","page","type-page","status-publish","hentry"],"_links":{"self":[{"href":"https:\/\/lesjardinsdeviolette.com\/index.php\/wp-json\/wp\/v2\/pages\/112","targetHints":{"allow":["GET"]}}],"collection":[{"href":"https:\/\/lesjardinsdeviolette.com\/index.php\/wp-json\/wp\/v2\/pages"}],"about":[{"href":"https:\/\/lesjardinsdeviolette.com\/index.php\/wp-json\/wp\/v2\/types\/page"}],"author":[{"embeddable":true,"href":"https:\/\/lesjardinsdeviolette.com\/index.php\/wp-json\/wp\/v2\/users\/1"}],"replies":[{"embeddable":true,"href":"https:\/\/lesjardinsdeviolette.com\/index.php\/wp-json\/wp\/v2\/comments?post=112"}],"version-history":[{"count":17,"href":"https:\/\/lesjardinsdeviolette.com\/index.php\/wp-json\/wp\/v2\/pages\/112\/revisions"}],"predecessor-version":[{"id":426,"href":"https:\/\/lesjardinsdeviolette.com\/index.php\/wp-json\/wp\/v2\/pages\/112\/revisions\/426"}],"wp:attachment":[{"href":"https:\/\/lesjardinsdeviolette.com\/index.php\/wp-json\/wp\/v2\/media?parent=112"}],"curies":[{"name":"wp","href":"https:\/\/api.w.org\/{rel}","templated":true}]}}