{"id":125,"date":"2024-02-09T12:14:47","date_gmt":"2024-02-09T11:14:47","guid":{"rendered":"https:\/\/lesjardinsdeviolette.com\/?page_id=125"},"modified":"2024-09-11T10:49:28","modified_gmt":"2024-09-11T08:49:28","slug":"conception-paysagere","status":"publish","type":"page","link":"https:\/\/lesjardinsdeviolette.com\/index.php\/conception-paysagere\/","title":{"rendered":"conception paysagere"},"content":{"rendered":"<p>[et_pb_section fb_built=\u00a0\u00bb1&Prime; _builder_version=\u00a0\u00bb4.12.1&Prime; _module_preset=\u00a0\u00bbdefault\u00a0\u00bb min_height=\u00a0\u00bb597px\u00a0\u00bb hover_enabled=\u00a0\u00bb0&Prime; global_colors_info=\u00a0\u00bb{}\u00a0\u00bb custom_margin=\u00a0\u00bb||37px|||\u00a0\u00bb custom_padding=\u00a0\u00bb||312px|||\u00a0\u00bb sticky_enabled=\u00a0\u00bb0&Prime; background_color=\u00a0\u00bb#FFFFFF\u00a0\u00bb][et_pb_row column_structure=\u00a0\u00bb1_2,1_2&Prime; _builder_version=\u00a0\u00bb4.12.1&Prime; _module_preset=\u00a0\u00bbdefault\u00a0\u00bb custom_padding=\u00a0\u00bb1px||0px|||\u00a0\u00bb global_colors_info=\u00a0\u00bb{}\u00a0\u00bb][et_pb_column type=\u00a0\u00bb1_2&Prime; _builder_version=\u00a0\u00bb4.12.1&Prime; _module_preset=\u00a0\u00bbdefault\u00a0\u00bb global_colors_info=\u00a0\u00bb{}\u00a0\u00bb][et_pb_text _builder_version=\u00a0\u00bb4.12.1&Prime; _module_preset=\u00a0\u00bbdefault\u00a0\u00bb min_height=\u00a0\u00bb375px\u00a0\u00bb custom_padding=\u00a0\u00bb0px||0px|||\u00a0\u00bb inline_fonts=\u00a0\u00bbABeeZee\u00a0\u00bb global_colors_info=\u00a0\u00bb{}\u00a0\u00bb]<\/p>\n<h1><\/h1>\n<h1>En manque d&rsquo;inspirations pour embellir vos massifs, votre entr\u00e9e de maison? Vous souhaitez r\u00e9aliser vous-m\u00eames les travaux?<\/h1>\n<p>&nbsp;<\/p>\n<p>&nbsp;<\/p>\n<p>&nbsp;<\/p>\n<blockquote>\n<h3 style=\"text-align: left;\"><span style=\"font-size: medium;\"><span style=\"text-decoration: underline;\">Les Jardins de Violette vous propose 3 FORMULES en fonction de vos besoins:<\/span><\/span><\/h3>\n<p>&nbsp;<\/p>\n<h4><span style=\"font-family: ABeeZee; font-weight: normal; font-size: small;\">1- Formule \u00ab\u00a0Regard sur le Jardin\u00a0\u00bb: Visite du jardin, recensements de vos attentes. Analyse du terrain et de votre sol, atouts et contraintes.<\/span><\/h4>\n<p><span style=\"font-family: ABeeZee; font-weight: normal; font-size: small;\"><\/span><\/p>\n<h4><span style=\"font-family: ABeeZee; font-weight: normal; font-size: small;\">Un compte rendu avec des id\u00e9es,\u00a0 conseils vous est remis afin de vous projeter dans vos nouveaux projets paysagers. Possibilit\u00e9 de faire par vous m\u00eames ou faire appel aux Jardins de Violette pour r\u00e9aliser les massifs.<br \/><\/span><\/h4>\n<p><strong><span style=\"font-family: ABeeZee; font-size: small;\">TARIF: \u00e0 partir de 300\u20ac<\/span><\/strong><\/p>\n<p><strong><span style=\"font-family: ABeeZee; font-size: small;\"><\/span><\/strong><\/p>\n<h4><span style=\"font-family: ABeeZee; font-weight: normal; font-size: small;\"><span style=\"color: #6dd808;\"><\/span><\/span><\/h4>\n<h4><span style=\"font-family: ABeeZee; font-weight: normal; font-size: small;\"><span style=\"color: #6dd808;\"><\/span><\/span><\/h4>\n<h4><span style=\"font-family: ABeeZee; font-weight: normal; font-size: small;\"><span style=\"color: #6dd808;\"><\/span><\/span><\/h4>\n<h4><span style=\"font-family: ABeeZee; font-weight: normal; font-size: small;\"><span style=\"color: #6dd808;\">2- Formule \u00ab\u00a0V\u00e9g\u00e9tale\u00a0\u00bb : reprend les services de la premi\u00e8re formule avec une palette v\u00e9g\u00e9tale d\u00e9taill\u00e9e et un plan de plantation. Vous voulez planter vous m\u00eames? vous aurez tout les d\u00e9tails des quantitatifs.<\/span><br \/><\/span><\/h4>\n<p><span style=\"font-family: ABeeZee; font-weight: normal; font-size: small;\"><span style=\"color: #6dd808;\"><strong>TARIF: \u00e0 partir de 650\u20ac<\/strong><br \/><\/span><\/span><\/p>\n<h4><span style=\"font-family: ABeeZee; font-weight: normal; font-size: small; color: rgba(181, 7, 128, 0.59);\"><\/span><\/h4>\n<h4><span style=\"font-family: ABeeZee; font-weight: normal; font-size: small; color: rgba(181, 7, 128, 0.59);\"><\/span><\/h4>\n<h4><span style=\"font-family: ABeeZee; font-weight: normal; font-size: small; color: rgba(181, 7, 128, 0.59);\"><\/span><\/h4>\n<h4><span style=\"font-family: ABeeZee; font-weight: normal; font-size: small; color: rgba(181, 7, 128, 0.59);\">3- Formule \u00ab\u00a0Ambiance Jardin\u00a0\u00bb: reprend les services des deux premi\u00e8res formules avec le co\u00fbt des plantations et am\u00e9nagements (bordures pav\u00e9s par exemple). <\/span><\/h4>\n<p><strong><span style=\"font-family: ABeeZee; font-size: small; color: rgba(181, 7, 128, 0.59);\">TARIFS: \u00e0 partir de 1100\u20ac<\/span><\/strong><\/p>\n<p>&nbsp;<\/p>\n<p>&nbsp;<\/p>\n<p>&nbsp;<\/p>\n<p>&nbsp;<\/p>\n<p>&nbsp;<\/p>\n<p>&nbsp;<\/p>\n<\/blockquote>\n<p>&nbsp;<\/p>\n<p>&nbsp;<\/p>\n<p>&nbsp;<\/p>\n<p>[\/et_pb_text][\/et_pb_column][et_pb_column type=\u00a0\u00bb1_2&Prime; _builder_version=\u00a0\u00bb4.12.1&Prime; _module_preset=\u00a0\u00bbdefault\u00a0\u00bb global_colors_info=\u00a0\u00bb{}\u00a0\u00bb][et_pb_image src=\u00a0\u00bbhttp:\/\/lesjardinsdeviolette.com\/wp-content\/uploads\/2024\/04\/Plan-plantation-MS-1.png\u00a0\u00bb alt=\u00a0\u00bbplan plantation ms 1&Prime; title_text=\u00a0\u00bbplan plantation ms 1&Prime; _builder_version=\u00a0\u00bb4.12.1&Prime; _module_preset=\u00a0\u00bbdefault\u00a0\u00bb custom_padding=\u00a0\u00bb||40px|||\u00a0\u00bb global_colors_info=\u00a0\u00bb{}\u00a0\u00bb][\/et_pb_image][et_pb_text _builder_version=\u00a0\u00bb4.12.1&Prime; _module_preset=\u00a0\u00bbdefault\u00a0\u00bb text_line_height=\u00a0\u00bb1.4em\u00a0\u00bb min_height=\u00a0\u00bb498.8px\u00a0\u00bb custom_margin=\u00a0\u00bb-131px||-743px|||\u00a0\u00bb custom_padding=\u00a0\u00bb0px||0px|||\u00a0\u00bb global_colors_info=\u00a0\u00bb{}\u00a0\u00bb]<\/p>\n<p>&nbsp;<\/p>\n<blockquote>\n<h3 style=\"text-align: left;\"><span style=\"font-size: medium;\"><span style=\"text-decoration: underline;\"><\/span><\/span><\/h3>\n<p><span style=\"font-size: medium;\"><\/span><\/p>\n<h3 style=\"text-align: left;\"><span style=\"font-size: medium;\"><span style=\"text-decoration: underline;\"><\/span><\/span><\/h3>\n<h3 style=\"text-align: left;\"><span style=\"font-size: medium;\"><span style=\"text-decoration: underline;\"><\/span><\/span><\/h3>\n<h3 style=\"text-align: left;\"><span style=\"font-size: medium;\"><span style=\"text-decoration: underline;\"><\/span><\/span><\/h3>\n<p>&nbsp;<\/p>\n<\/blockquote>\n<p>&nbsp;<\/p>\n<p>&nbsp;<\/p>\n<p>&nbsp;<\/p>\n<p>[\/et_pb_text][et_pb_image src=\u00a0\u00bbhttp:\/\/lesjardinsdeviolette.com\/wp-content\/uploads\/2024\/02\/Capture-decran-2024-02-21-121405.jpg\u00a0\u00bb title_text=\u00a0\u00bbCapture d\u2019\u00e9cran 2024-02-21 121405&Prime; _builder_version=\u00a0\u00bb4.12.1&Prime; _module_preset=\u00a0\u00bbdefault\u00a0\u00bb min_height=\u00a0\u00bb358.7px\u00a0\u00bb custom_margin=\u00a0\u00bb337px|||||\u00a0\u00bb global_colors_info=\u00a0\u00bb{}\u00a0\u00bb][\/et_pb_image][\/et_pb_column][\/et_pb_row][\/et_pb_section][et_pb_section fb_built=\u00a0\u00bb1&Prime; theme_builder_area=\u00a0\u00bbpost_content\u00a0\u00bb specialty=\u00a0\u00bbon\u00a0\u00bb _builder_version=\u00a0\u00bb4.12.1&Prime; _module_preset=\u00a0\u00bbdefault\u00a0\u00bb custom_padding=\u00a0\u00bb0px|||||\u00a0\u00bb background_color=\u00a0\u00bb#005043&Prime; hover_enabled=\u00a0\u00bb0&Prime; sticky_enabled=\u00a0\u00bb0&Prime;][et_pb_column type=\u00a0\u00bb1_2&Prime; specialty_columns=\u00a0\u00bb2&Prime; theme_builder_area=\u00a0\u00bbpost_content\u00a0\u00bb][et_pb_row_inner _builder_version=\u00a0\u00bb4.12.1&Prime; _module_preset=\u00a0\u00bbdefault\u00a0\u00bb theme_builder_area=\u00a0\u00bbpost_content\u00a0\u00bb hover_enabled=\u00a0\u00bb0&Prime; sticky_enabled=\u00a0\u00bb0&Prime; min_height=\u00a0\u00bb263.2px\u00a0\u00bb custom_margin=\u00a0\u00bb102px|||||\u00a0\u00bb][et_pb_column_inner saved_specialty_column_type=\u00a0\u00bb1_2&Prime; _builder_version=\u00a0\u00bb4.12.1&Prime; _module_preset=\u00a0\u00bbdefault\u00a0\u00bb theme_builder_area=\u00a0\u00bbpost_content\u00a0\u00bb][et_pb_blurb title=\u00a0\u00bbCONCEPTION SUR MESURE\u00a0\u00bb _builder_version=\u00a0\u00bb4.12.1&Prime; _module_preset=\u00a0\u00bbdefault\u00a0\u00bb theme_builder_area=\u00a0\u00bbpost_content\u00a0\u00bb header_text_color=\u00a0\u00bb#FFFFFF\u00a0\u00bb hover_enabled=\u00a0\u00bb0&Prime; sticky_enabled=\u00a0\u00bb0&Prime; min_height=\u00a0\u00bb180.6px\u00a0\u00bb use_icon=\u00a0\u00bbon\u00a0\u00bb width=\u00a0\u00bb100%\u00a0\u00bb]<\/p>\n<p>&nbsp;<\/p>\n<p><span style=\"color: #d6d6d6;\">Pour cette conception, les clients souhaitaient de nouvelles id\u00e9es pour leur entr\u00e9e, actuellement faites d&rsquo;un emmarchement en b\u00e9ton. Autour, des plantes de rocailles poussant ci et l\u00e0.<\/span><\/p>\n<p><span style=\"color: #d6d6d6;\">PARTIE PRIS:<\/span><\/p>\n<p><span style=\"color: #d6d6d6;\">-&gt; Rompre la monotonie et casser la profondeur de l&rsquo;escalier avec des supports \u00e0 grimpantes afin de cr\u00e9er une nouvelle perspective.<\/span><\/p>\n<p><span style=\"color: #d6d6d6;\">\u00a0<\/span><\/p>\n<p><span style=\"color: #d6d6d6;\">-&gt; apporter une touche min\u00e9ral avec des rochers en gneiss.<\/span><\/p>\n<p><span style=\"color: #d6d6d6;\">\u00a0<\/span><\/p>\n<p><span style=\"color: #d6d6d6;\">-&gt; bordures en acier corten assez hautes pour permettre un apport de terre suffisant \u00e0 l&rsquo;implantation de nouveaux v\u00e9g\u00e9taux.<\/span><\/p>\n<p>[\/et_pb_blurb][\/et_pb_column_inner][\/et_pb_row_inner][et_pb_row_inner _builder_version=\u00a0\u00bb4.12.1&Prime; _module_preset=\u00a0\u00bbdefault\u00a0\u00bb theme_builder_area=\u00a0\u00bbpost_content\u00a0\u00bb][et_pb_column_inner saved_specialty_column_type=\u00a0\u00bb1_2&Prime; _builder_version=\u00a0\u00bb4.12.1&Prime; _module_preset=\u00a0\u00bbdefault\u00a0\u00bb theme_builder_area=\u00a0\u00bbpost_content\u00a0\u00bb][et_pb_image src=\u00a0\u00bbhttp:\/\/lesjardinsdeviolette.com\/wp-content\/uploads\/2024\/09\/DJ-conception1.png\u00a0\u00bb _builder_version=\u00a0\u00bb4.12.1&Prime; _module_preset=\u00a0\u00bbdefault\u00a0\u00bb theme_builder_area=\u00a0\u00bbpost_content\u00a0\u00bb alt=\u00a0\u00bbdj conception(1)\u00a0\u00bb title_text=\u00a0\u00bbdj conception(1)\u00a0\u00bb hover_enabled=\u00a0\u00bb0&Prime; sticky_enabled=\u00a0\u00bb0&Prime;][\/et_pb_image][\/et_pb_column_inner][\/et_pb_row_inner][\/et_pb_column][et_pb_column type=\u00a0\u00bb1_2&Prime; theme_builder_area=\u00a0\u00bbpost_content\u00a0\u00bb][et_pb_image src=\u00a0\u00bbhttp:\/\/lesjardinsdeviolette.com\/wp-content\/uploads\/2024\/09\/Barbot_2-scaled.jpeg\u00a0\u00bb _builder_version=\u00a0\u00bb4.12.1&Prime; _module_preset=\u00a0\u00bbdefault\u00a0\u00bb alt=\u00a0\u00bbbarbot 2&Prime; title_text=\u00a0\u00bbbarbot 2&Prime; hover_enabled=\u00a0\u00bb0&Prime; sticky_enabled=\u00a0\u00bb0&Prime; custom_padding=\u00a0\u00bb||0px|||\u00a0\u00bb min_height=\u00a0\u00bb530.9px\u00a0\u00bb custom_margin=\u00a0\u00bb||-29px|||\u00a0\u00bb background_color=\u00a0\u00bb#000000&Prime; theme_builder_area=\u00a0\u00bbpost_content\u00a0\u00bb][\/et_pb_image][\/et_pb_column][\/et_pb_section]<\/p>\n","protected":false},"excerpt":{"rendered":"<p>En manque d&rsquo;inspirations pour embellir vos massifs, votre entr\u00e9e de maison? Vous souhaitez r\u00e9aliser vous-m\u00eames les travaux? &nbsp; &nbsp; &nbsp; Les Jardins de Violette vous propose 3 FORMULES en fonction de vos besoins: &nbsp; 1- Formule \u00ab\u00a0Regard sur le Jardin\u00a0\u00bb: Visite du jardin, recensements de vos attentes. Analyse du terrain et de votre sol, atouts [&hellip;]<\/p>\n","protected":false},"author":1,"featured_media":0,"parent":0,"menu_order":0,"comment_status":"closed","ping_status":"closed","template":"","meta":{"_seopress_robots_primary_cat":"","_seopress_titles_title":"paysagiste chemill\u00e9","_seopress_titles_desc":"entretien jardin naturel comestible","_seopress_robots_index":"","_et_pb_use_builder":"on","_et_pb_old_content":"","_et_gb_content_width":"","footnotes":""},"class_list":["post-125","page","type-page","status-publish","hentry"],"_links":{"self":[{"href":"https:\/\/lesjardinsdeviolette.com\/index.php\/wp-json\/wp\/v2\/pages\/125","targetHints":{"allow":["GET"]}}],"collection":[{"href":"https:\/\/lesjardinsdeviolette.com\/index.php\/wp-json\/wp\/v2\/pages"}],"about":[{"href":"https:\/\/lesjardinsdeviolette.com\/index.php\/wp-json\/wp\/v2\/types\/page"}],"author":[{"embeddable":true,"href":"https:\/\/lesjardinsdeviolette.com\/index.php\/wp-json\/wp\/v2\/users\/1"}],"replies":[{"embeddable":true,"href":"https:\/\/lesjardinsdeviolette.com\/index.php\/wp-json\/wp\/v2\/comments?post=125"}],"version-history":[{"count":15,"href":"https:\/\/lesjardinsdeviolette.com\/index.php\/wp-json\/wp\/v2\/pages\/125\/revisions"}],"predecessor-version":[{"id":493,"href":"https:\/\/lesjardinsdeviolette.com\/index.php\/wp-json\/wp\/v2\/pages\/125\/revisions\/493"}],"wp:attachment":[{"href":"https:\/\/lesjardinsdeviolette.com\/index.php\/wp-json\/wp\/v2\/media?parent=125"}],"curies":[{"name":"wp","href":"https:\/\/api.w.org\/{rel}","templated":true}]}}