{"id":343,"date":"2024-02-22T10:50:15","date_gmt":"2024-02-22T09:50:15","guid":{"rendered":"https:\/\/lesjardinsdeviolette.com\/?page_id=343"},"modified":"2024-03-01T23:02:27","modified_gmt":"2024-03-01T22:02:27","slug":"contrat-dentretien-annuel","status":"publish","type":"page","link":"https:\/\/lesjardinsdeviolette.com\/index.php\/contrat-dentretien-annuel\/","title":{"rendered":"Contrat d&rsquo;entretien annuel"},"content":{"rendered":"[et_pb_section fb_built=\u00a0\u00bb1&Prime; admin_label=\u00a0\u00bbsection\u00a0\u00bb _builder_version=\u00a0\u00bb3.22&Prime; min_height=\u00a0\u00bb361.3px\u00a0\u00bb global_colors_info=\u00a0\u00bb{}\u00a0\u00bb][et_pb_row column_structure=\u00a0\u00bb3_5,2_5&Prime; admin_label=\u00a0\u00bbrow\u00a0\u00bb _builder_version=\u00a0\u00bb4.12.1&Prime; background_size=\u00a0\u00bbinitial\u00a0\u00bb background_position=\u00a0\u00bbtop_left\u00a0\u00bb background_repeat=\u00a0\u00bbrepeat\u00a0\u00bb custom_padding=\u00a0\u00bb||0px|||\u00a0\u00bb global_colors_info=\u00a0\u00bb{}\u00a0\u00bb][et_pb_column type=\u00a0\u00bb3_5&Prime; _builder_version=\u00a0\u00bb3.25&Prime; custom_padding=\u00a0\u00bb|||\u00a0\u00bb global_colors_info=\u00a0\u00bb{}\u00a0\u00bb custom_padding__hover=\u00a0\u00bb|||\u00a0\u00bb][et_pb_text admin_label=\u00a0\u00bbText\u00a0\u00bb _builder_version=\u00a0\u00bb4.12.1&Prime; text_text_color=\u00a0\u00bb#000046&Prime; text_font_size=\u00a0\u00bb16px\u00a0\u00bb text_line_height=\u00a0\u00bb1.6em\u00a0\u00bb background_size=\u00a0\u00bbinitial\u00a0\u00bb background_position=\u00a0\u00bbtop_left\u00a0\u00bb background_repeat=\u00a0\u00bbrepeat\u00a0\u00bb global_colors_info=\u00a0\u00bb{}\u00a0\u00bb]<p><span style=\"font-size: xx-large;\">Contrat Annuel d&rsquo;entretien<\/span><br \/><\/p>\n<p>Vous avez besoin d&rsquo;un entretien r\u00e9gulier de votre jardin, tonte, taille, d\u00e9sherbage&#8230; Ces missions peuvent \u00eatre l&rsquo;occasion de faire un contrat annuel. Vous n&rsquo;avez plus besoin de vous soucier d&rsquo;appeler les Jardins de Violette ponctuellement.<\/p>\n<p>Concr\u00e8tement, \u00e0 la signature du contrat, un<span style=\"color: #e09900;\"> planning annuel est \u00e9tabli avec les missions r\u00e9alis\u00e9es ainsi que la fr\u00e9quence<\/span>. En plus, <span style=\"color: #e09900;\"><span style=\"font-size: x-large;\">b\u00e9n\u00e9ficiez du cr\u00e9dit d&rsquo;imp\u00f4ts et payer que 50% de la facture<\/span><\/span>, pour en savoir plus cliquez <span style=\"font-size: large;\"><a href=\"https:\/\/www.acces-sap.com\/particuliers\/services-a-la-personne\/petits-travaux-de-jardinage\/\">ici<\/a>.<\/span><\/p>\n<p>Vous n&rsquo;avez plus qu&rsquo;\u00e0 profiter de votre jardin, fleurit et entretenu toute l&rsquo;ann\u00e9e.<\/p>\n<p><\/p>\n<p><\/p>\n<p><\/p>\n<p><\/p>\n<p><\/p>[\/et_pb_text][\/et_pb_column][et_pb_column type=\u00a0\u00bb2_5&Prime; _builder_version=\u00a0\u00bb3.25&Prime; custom_padding=\u00a0\u00bb|||\u00a0\u00bb global_colors_info=\u00a0\u00bb{}\u00a0\u00bb custom_padding__hover=\u00a0\u00bb|||\u00a0\u00bb][et_pb_image src=\u00a0\u00bbhttp:\/\/lesjardinsdeviolette.com\/wp-content\/uploads\/2024\/02\/17396669-l-icone-du-contrat-accord-et-signature-pacte-accord-symbole-de-la-convention-plat-vectoriel.jpg\u00a0\u00bb title_text=\u00a0\u00bb17396669-l-icone-du-contrat-accord-et-signature-pacte-accord-symbole-de-la-convention-plat-vectoriel\u00a0\u00bb _builder_version=\u00a0\u00bb4.12.1&Prime; _module_preset=\u00a0\u00bbdefault\u00a0\u00bb width=\u00a0\u00bb61%\u00a0\u00bb module_alignment=\u00a0\u00bbcenter\u00a0\u00bb custom_margin=\u00a0\u00bb4px|||||\u00a0\u00bb custom_padding=\u00a0\u00bb||0px|||\u00a0\u00bb hover_enabled=\u00a0\u00bb0&Prime; global_colors_info=\u00a0\u00bb{}\u00a0\u00bb disabled_on=\u00a0\u00bboff|off|off\u00a0\u00bb sticky_enabled=\u00a0\u00bb0&Prime;][\/et_pb_image][\/et_pb_column][\/et_pb_row][\/et_pb_section]","protected":false},"excerpt":{"rendered":"<p>Contrat Annuel d&rsquo;entretien Vous avez besoin d&rsquo;un entretien r\u00e9gulier de votre jardin, tonte, taille, d\u00e9sherbage&#8230; Ces missions peuvent \u00eatre l&rsquo;occasion de faire un contrat annuel. Vous n&rsquo;avez plus besoin de vous soucier d&rsquo;appeler les Jardins de Violette ponctuellement. Concr\u00e8tement, \u00e0 la signature du contrat, un planning annuel est \u00e9tabli avec les missions r\u00e9alis\u00e9es ainsi que [&hellip;]<\/p>\n","protected":false},"author":1,"featured_media":0,"parent":0,"menu_order":0,"comment_status":"closed","ping_status":"closed","template":"","meta":{"_seopress_robots_primary_cat":"","_seopress_titles_title":"paysagiste chemill\u00e9 en anjou","_seopress_titles_desc":"entretien de jardins contrat annuel","_seopress_robots_index":"","_et_pb_use_builder":"on","_et_pb_old_content":"<!-- wp:paragraph -->\n<p>Vous avez besoin d'un entretien r\u00e9gulier de votre jardin, tonte, taille, d\u00e9sherbage... Ces missions peuvent \u00eatre l'occasion de faire un contrat annuel. Vous n'avez plus besoin de vous soucier d'appeler les Jardins de Violette ponctuellement. <\/p>\n<!-- \/wp:paragraph -->\n\n<!-- wp:paragraph -->\n<p>Concr\u00e8tement, \u00e0 la signature du contrat, un planning annuel est  \u00e9tabli avec les missions r\u00e9alis\u00e9es ainsi que la fr\u00e9quence. En plus, b\u00e9n\u00e9ficiez du cr\u00e9dit d'imp\u00f4ts et payer que 50% de la facture, pour en savoir plus cliquez ici.<\/p>\n<!-- \/wp:paragraph -->\n\n<!-- wp:paragraph -->\n<p>Vous n'avez plus qu'\u00e0 profiter de votre jardin, fleurit et entretenu toute l'ann\u00e9e. <\/p>\n<!-- \/wp:paragraph -->","_et_gb_content_width":"","footnotes":""},"class_list":["post-343","page","type-page","status-publish","hentry"],"_links":{"self":[{"href":"https:\/\/lesjardinsdeviolette.com\/index.php\/wp-json\/wp\/v2\/pages\/343","targetHints":{"allow":["GET"]}}],"collection":[{"href":"https:\/\/lesjardinsdeviolette.com\/index.php\/wp-json\/wp\/v2\/pages"}],"about":[{"href":"https:\/\/lesjardinsdeviolette.com\/index.php\/wp-json\/wp\/v2\/types\/page"}],"author":[{"embeddable":true,"href":"https:\/\/lesjardinsdeviolette.com\/index.php\/wp-json\/wp\/v2\/users\/1"}],"replies":[{"embeddable":true,"href":"https:\/\/lesjardinsdeviolette.com\/index.php\/wp-json\/wp\/v2\/comments?post=343"}],"version-history":[{"count":5,"href":"https:\/\/lesjardinsdeviolette.com\/index.php\/wp-json\/wp\/v2\/pages\/343\/revisions"}],"predecessor-version":[{"id":376,"href":"https:\/\/lesjardinsdeviolette.com\/index.php\/wp-json\/wp\/v2\/pages\/343\/revisions\/376"}],"wp:attachment":[{"href":"https:\/\/lesjardinsdeviolette.com\/index.php\/wp-json\/wp\/v2\/media?parent=343"}],"curies":[{"name":"wp","href":"https:\/\/api.w.org\/{rel}","templated":true}]}}